{"id":4693,"date":"2024-02-20T10:53:53","date_gmt":"2024-02-20T10:53:53","guid":{"rendered":"https:\/\/blackirongolf2.k8s.optimizaclick.com\/?page_id=4693"},"modified":"2024-02-20T10:57:07","modified_gmt":"2024-02-20T10:57:07","slug":"politica-de-cookies","status":"publish","type":"page","link":"https:\/\/blackirongolf.es\/es\/politica-de-cookies\/","title":{"rendered":"Pol\u00edtica de cookies"},"content":{"rendered":"\t\t<div data-elementor-type=\"wp-page\" data-elementor-id=\"4693\" class=\"elementor elementor-4693\" data-elementor-post-type=\"page\">\n\t\t\t\t<div class=\"elementor-element elementor-element-c85e009 e-con-full e-flex e-con e-parent\" data-id=\"c85e009\" data-element_type=\"container\" data-e-type=\"container\" data-settings=\"{&quot;background_background&quot;:&quot;classic&quot;}\">\n\t\t\t\t<\/div>\n\t\t<div class=\"elementor-element elementor-element-ec58cc3 e-flex e-con-boxed e-con e-parent\" data-id=\"ec58cc3\" data-element_type=\"container\" data-e-type=\"container\">\n\t\t\t\t\t<div class=\"e-con-inner\">\n\t\t\t\t<div class=\"elementor-element elementor-element-e81d29b elementor-widget elementor-widget-text-editor\" data-id=\"e81d29b\" data-element_type=\"widget\" data-e-type=\"widget\" data-widget_type=\"text-editor.default\">\n\t\t\t\t\t\t\t\t\t<h5>\u00bfQu\u00e9 son las cookies?<\/h5>\n<div>\n<p>Esta Pol\u00edtica de cookies explica qu\u00e9 son las cookies y c\u00f3mo las usamos, los tipos de cookies que usamos, es decir, la informaci\u00f3n que recopilamos usando cookies y c\u00f3mo se usa esa informaci\u00f3n, y c\u00f3mo administrar la configuraci\u00f3n de cookies.<\/p>\n<p>Las cookies son peque\u00f1os archivos de texto que se utilizan para almacenar peque\u00f1os fragmentos de informaci\u00f3n. Se almacenan en su dispositivo cuando el sitio web se carga en su navegador. Estas cookies nos ayudan a hacer que el sitio web funcione correctamente, hacerlo m\u00e1s seguro, brindar una mejor experiencia de usuario y comprender c\u00f3mo funciona el sitio web y analizar qu\u00e9 funciona y d\u00f3nde necesita mejorar.<\/p>\n<\/div>\n<h5>\u00a0\u00bfC\u00f3mo usamos las cookies?<\/h5>\n<p>Como la mayor\u00eda de los servicios en l\u00ednea, nuestro sitio web utiliza cookies propias y de terceros para varios prop\u00f3sitos. Las cookies de origen son en su mayor\u00eda necesarias para que el sitio web funcione correctamente y no recopilan ninguno de sus datos de identificaci\u00f3n personal.<\/p>\n<p>Las cookies de terceros utilizadas en nuestro sitio web son principalmente para comprender c\u00f3mo funciona el sitio web, c\u00f3mo interact\u00faa con nuestro sitio web, mantener nuestros servicios seguros, proporcionar anuncios que son relevantes para usted y, en general, brindarle un usuario mejor y mejorado. experimentar y ayudar a acelerar sus futuras interacciones con nuestro sitio web.<\/p>\n<h5>\u00a0Tipos de Cookies que utilizamos<\/h5>\n<p><div class=\"cky-audit-table-element\"><\/div><\/p>\n<div>\u00a0<\/div>\n<p>&nbsp;<\/p>\n<h5>Administrar preferencias de cookies<\/h5>\n<p><a class=\"cky-banner-element\">Configuraci\u00f3n de cookies<\/a><\/p>\n<div>\n<p>Puede cambiar sus preferencias de cookies en cualquier momento haciendo clic en el bot\u00f3n de arriba. Esto le permitir\u00e1 volver a visitar el banner de consentimiento de cookies y cambiar sus preferencias o retirar su consentimiento de inmediato.<\/p>\n<p>Adem\u00e1s de esto, los diferentes navegadores brindan diferentes m\u00e9todos para bloquear y eliminar las cookies utilizadas por los sitios web. Puede cambiar la configuraci\u00f3n de su navegador para bloquear\/eliminar las cookies. A continuaci\u00f3n se enumeran los enlaces a los documentos de soporte sobre c\u00f3mo administrar y eliminar las cookies de los principales navegadores web.<\/p>\n<p>Chrome: <a href=\"https:\/\/support.google.com\/accounts\/answer\/32050\" target=\"_blank\" rel=\"noopener noreferrer\">https:\/\/support.google.com\/accounts\/answer\/32050<\/a><\/p>\n<p>Safari: <a href=\"https:\/\/support.apple.com\/en-in\/guide\/safari\/sfri11471\/mac\" target=\"_blank\" rel=\"noopener noreferrer\">https:\/\/support.apple.com\/en-in\/guide\/safari\/sfri11471\/mac<\/a><\/p>\n<p>Firefox: <a href=\"https:\/\/support.mozilla.org\/en-US\/kb\/clear-cookies-and-site-data-firefox?redirectslug=delete-cookies-remove-info-websites-stored&amp;redirectlocale=en-US\" target=\"_blank\" rel=\"noopener noreferrer\">https:\/\/support.mozilla.org\/en-US\/kb\/clear-cookies-and-site-data-firefox?redirectslug=delete-cookies-remove-info-websites-stored&amp;redirectlocale=en-US<\/a><\/p>\n<p>Internet Explorer: <a href=\"https:\/\/support.microsoft.com\/en-us\/topic\/how-to-delete-cookie-files-in-internet-explorer-bca9446f-d873-78de-77ba-d42645fa52fc\" target=\"_blank\" rel=\"noopener noreferrer\">https:\/\/support.microsoft.com\/en-us\/topic\/how-to-delete-cookie-files-in-internet-explorer-bca9446f-d873-78de-77ba-d42645fa52fc<\/a><\/p>\n<p>Si est\u00e1 utilizando cualquier otro navegador web, visite los documentos de soporte oficiales de su navegador.<\/p>\n<\/div>\n<p>&nbsp;<\/p>\t\t\t\t\t\t\t\t<\/div>\n\t\t\t\t\t<\/div>\n\t\t\t\t<\/div>\n\t\t\t\t<\/div>\n\t\t","protected":false},"excerpt":{"rendered":"<p>\u00bfQu\u00e9 son las cookies? Esta Pol\u00edtica de cookies explica qu\u00e9 son las cookies y c\u00f3mo las usamos, los tipos de cookies que usamos, es decir, la informaci\u00f3n que recopilamos usando cookies y c\u00f3mo se usa esa informaci\u00f3n, y c\u00f3mo administrar la configuraci\u00f3n de cookies. Las cookies son peque\u00f1os archivos de texto que se utilizan para [&hellip;]<\/p>\n","protected":false},"author":1,"featured_media":0,"parent":0,"menu_order":0,"comment_status":"closed","ping_status":"closed","template":"elementor_header_footer","meta":{"footnotes":""},"class_list":["post-4693","page","type-page","status-publish","hentry"],"yoast_head":"<!-- This site is optimized with the Yoast SEO plugin v27.4 - https:\/\/yoast.com\/product\/yoast-seo-wordpress\/ -->\n<title>Pol\u00edtica de cookies - Black Iron Golf<\/title>\n<meta name=\"robots\" content=\"index, follow, max-snippet:-1, max-image-preview:large, max-video-preview:-1\" \/>\n<link rel=\"canonical\" href=\"https:\/\/blackirongolf.es\/es\/politica-de-cookies\/\" \/>\n<meta property=\"og:locale\" content=\"es_ES\" \/>\n<meta property=\"og:type\" content=\"article\" \/>\n<meta property=\"og:title\" content=\"Pol\u00edtica de cookies - Black Iron Golf\" \/>\n<meta property=\"og:description\" content=\"\u00bfQu\u00e9 son las cookies? Esta Pol\u00edtica de cookies explica qu\u00e9 son las cookies y c\u00f3mo las usamos, los tipos de cookies que usamos, es decir, la informaci\u00f3n que recopilamos usando cookies y c\u00f3mo se usa esa informaci\u00f3n, y c\u00f3mo administrar la configuraci\u00f3n de cookies. Las cookies son peque\u00f1os archivos de texto que se utilizan para [&hellip;]\" \/>\n<meta property=\"og:url\" content=\"https:\/\/blackirongolf.es\/es\/politica-de-cookies\/\" \/>\n<meta property=\"og:site_name\" content=\"Black Iron Golf\" \/>\n<meta property=\"article:modified_time\" content=\"2024-02-20T10:57:07+00:00\" \/>\n<meta name=\"twitter:card\" content=\"summary_large_image\" \/>\n<meta name=\"twitter:label1\" content=\"Tiempo de lectura\" \/>\n\t<meta name=\"twitter:data1\" content=\"2 minutos\" \/>\n<script type=\"application\/ld+json\" class=\"yoast-schema-graph\">{\"@context\":\"https:\\\/\\\/schema.org\",\"@graph\":[{\"@type\":\"WebPage\",\"@id\":\"https:\\\/\\\/blackirongolf.es\\\/es\\\/politica-de-cookies\\\/\",\"url\":\"https:\\\/\\\/blackirongolf.es\\\/es\\\/politica-de-cookies\\\/\",\"name\":\"Pol\u00edtica de cookies - Black Iron Golf\",\"isPartOf\":{\"@id\":\"https:\\\/\\\/blackirongolf.es\\\/#website\"},\"datePublished\":\"2024-02-20T10:53:53+00:00\",\"dateModified\":\"2024-02-20T10:57:07+00:00\",\"breadcrumb\":{\"@id\":\"https:\\\/\\\/blackirongolf.es\\\/es\\\/politica-de-cookies\\\/#breadcrumb\"},\"inLanguage\":\"es\",\"potentialAction\":[{\"@type\":\"ReadAction\",\"target\":[\"https:\\\/\\\/blackirongolf.es\\\/es\\\/politica-de-cookies\\\/\"]}]},{\"@type\":\"BreadcrumbList\",\"@id\":\"https:\\\/\\\/blackirongolf.es\\\/es\\\/politica-de-cookies\\\/#breadcrumb\",\"itemListElement\":[{\"@type\":\"ListItem\",\"position\":1,\"name\":\"Portada\",\"item\":\"https:\\\/\\\/blackirongolf.es\\\/\"},{\"@type\":\"ListItem\",\"position\":2,\"name\":\"Pol\u00edtica de cookies\"}]},{\"@type\":\"WebSite\",\"@id\":\"https:\\\/\\\/blackirongolf.es\\\/#website\",\"url\":\"https:\\\/\\\/blackirongolf.es\\\/\",\"name\":\"Black Iron Golf\",\"description\":\"\",\"publisher\":{\"@id\":\"https:\\\/\\\/blackirongolf.es\\\/#organization\"},\"potentialAction\":[{\"@type\":\"SearchAction\",\"target\":{\"@type\":\"EntryPoint\",\"urlTemplate\":\"https:\\\/\\\/blackirongolf.es\\\/?s={search_term_string}\"},\"query-input\":{\"@type\":\"PropertyValueSpecification\",\"valueRequired\":true,\"valueName\":\"search_term_string\"}}],\"inLanguage\":\"es\"},{\"@type\":\"Organization\",\"@id\":\"https:\\\/\\\/blackirongolf.es\\\/#organization\",\"name\":\"Black Iron Golf\",\"url\":\"https:\\\/\\\/blackirongolf.es\\\/\",\"logo\":{\"@type\":\"ImageObject\",\"inLanguage\":\"es\",\"@id\":\"https:\\\/\\\/blackirongolf.es\\\/#\\\/schema\\\/logo\\\/image\\\/\",\"url\":\"https:\\\/\\\/blackirongolf.es\\\/wp-content\\\/uploads\\\/2024\\\/02\\\/cropped-logo_blackiron_white_edited.png\",\"contentUrl\":\"https:\\\/\\\/blackirongolf.es\\\/wp-content\\\/uploads\\\/2024\\\/02\\\/cropped-logo_blackiron_white_edited.png\",\"width\":964,\"height\":534,\"caption\":\"Black Iron Golf\"},\"image\":{\"@id\":\"https:\\\/\\\/blackirongolf.es\\\/#\\\/schema\\\/logo\\\/image\\\/\"}}]}<\/script>\n<!-- \/ Yoast SEO plugin. -->","yoast_head_json":{"title":"Pol\u00edtica de cookies - Black Iron Golf","robots":{"index":"index","follow":"follow","max-snippet":"max-snippet:-1","max-image-preview":"max-image-preview:large","max-video-preview":"max-video-preview:-1"},"canonical":"https:\/\/blackirongolf.es\/es\/politica-de-cookies\/","og_locale":"es_ES","og_type":"article","og_title":"Pol\u00edtica de cookies - Black Iron Golf","og_description":"\u00bfQu\u00e9 son las cookies? Esta Pol\u00edtica de cookies explica qu\u00e9 son las cookies y c\u00f3mo las usamos, los tipos de cookies que usamos, es decir, la informaci\u00f3n que recopilamos usando cookies y c\u00f3mo se usa esa informaci\u00f3n, y c\u00f3mo administrar la configuraci\u00f3n de cookies. Las cookies son peque\u00f1os archivos de texto que se utilizan para [&hellip;]","og_url":"https:\/\/blackirongolf.es\/es\/politica-de-cookies\/","og_site_name":"Black Iron Golf","article_modified_time":"2024-02-20T10:57:07+00:00","twitter_card":"summary_large_image","twitter_misc":{"Tiempo de lectura":"2 minutos"},"schema":{"@context":"https:\/\/schema.org","@graph":[{"@type":"WebPage","@id":"https:\/\/blackirongolf.es\/es\/politica-de-cookies\/","url":"https:\/\/blackirongolf.es\/es\/politica-de-cookies\/","name":"Pol\u00edtica de cookies - Black Iron Golf","isPartOf":{"@id":"https:\/\/blackirongolf.es\/#website"},"datePublished":"2024-02-20T10:53:53+00:00","dateModified":"2024-02-20T10:57:07+00:00","breadcrumb":{"@id":"https:\/\/blackirongolf.es\/es\/politica-de-cookies\/#breadcrumb"},"inLanguage":"es","potentialAction":[{"@type":"ReadAction","target":["https:\/\/blackirongolf.es\/es\/politica-de-cookies\/"]}]},{"@type":"BreadcrumbList","@id":"https:\/\/blackirongolf.es\/es\/politica-de-cookies\/#breadcrumb","itemListElement":[{"@type":"ListItem","position":1,"name":"Portada","item":"https:\/\/blackirongolf.es\/"},{"@type":"ListItem","position":2,"name":"Pol\u00edtica de cookies"}]},{"@type":"WebSite","@id":"https:\/\/blackirongolf.es\/#website","url":"https:\/\/blackirongolf.es\/","name":"Black Iron Golf","description":"","publisher":{"@id":"https:\/\/blackirongolf.es\/#organization"},"potentialAction":[{"@type":"SearchAction","target":{"@type":"EntryPoint","urlTemplate":"https:\/\/blackirongolf.es\/?s={search_term_string}"},"query-input":{"@type":"PropertyValueSpecification","valueRequired":true,"valueName":"search_term_string"}}],"inLanguage":"es"},{"@type":"Organization","@id":"https:\/\/blackirongolf.es\/#organization","name":"Black Iron Golf","url":"https:\/\/blackirongolf.es\/","logo":{"@type":"ImageObject","inLanguage":"es","@id":"https:\/\/blackirongolf.es\/#\/schema\/logo\/image\/","url":"https:\/\/blackirongolf.es\/wp-content\/uploads\/2024\/02\/cropped-logo_blackiron_white_edited.png","contentUrl":"https:\/\/blackirongolf.es\/wp-content\/uploads\/2024\/02\/cropped-logo_blackiron_white_edited.png","width":964,"height":534,"caption":"Black Iron Golf"},"image":{"@id":"https:\/\/blackirongolf.es\/#\/schema\/logo\/image\/"}}]}},"_links":{"self":[{"href":"https:\/\/blackirongolf.es\/es\/wp-json\/wp\/v2\/pages\/4693","targetHints":{"allow":["GET"]}}],"collection":[{"href":"https:\/\/blackirongolf.es\/es\/wp-json\/wp\/v2\/pages"}],"about":[{"href":"https:\/\/blackirongolf.es\/es\/wp-json\/wp\/v2\/types\/page"}],"author":[{"embeddable":true,"href":"https:\/\/blackirongolf.es\/es\/wp-json\/wp\/v2\/users\/1"}],"replies":[{"embeddable":true,"href":"https:\/\/blackirongolf.es\/es\/wp-json\/wp\/v2\/comments?post=4693"}],"version-history":[{"count":4,"href":"https:\/\/blackirongolf.es\/es\/wp-json\/wp\/v2\/pages\/4693\/revisions"}],"predecessor-version":[{"id":4703,"href":"https:\/\/blackirongolf.es\/es\/wp-json\/wp\/v2\/pages\/4693\/revisions\/4703"}],"wp:attachment":[{"href":"https:\/\/blackirongolf.es\/es\/wp-json\/wp\/v2\/media?parent=4693"}],"curies":[{"name":"wp","href":"https:\/\/api.w.org\/{rel}","templated":true}]}}