{"id":439,"date":"2024-02-19T09:07:47","date_gmt":"2024-02-19T09:07:47","guid":{"rendered":"https:\/\/blackirongolf2.k8s.optimizaclick.com\/?page_id=439"},"modified":"2026-02-25T09:32:08","modified_gmt":"2026-02-25T09:32:08","slug":"contacto","status":"publish","type":"page","link":"https:\/\/blackirongolf.es\/es\/contacto\/","title":{"rendered":"Contacto"},"content":{"rendered":"\t\t<div data-elementor-type=\"wp-page\" data-elementor-id=\"439\" class=\"elementor elementor-439\" data-elementor-post-type=\"page\">\n\t\t\t\t<div class=\"elementor-element elementor-element-c85e009 e-con-full e-flex e-con e-parent\" data-id=\"c85e009\" data-element_type=\"container\" data-e-type=\"container\" data-settings=\"{&quot;background_background&quot;:&quot;classic&quot;}\">\n\t\t\t\t<\/div>\n\t\t<div class=\"elementor-element elementor-element-df93632 e-flex e-con-boxed e-con e-parent\" data-id=\"df93632\" data-element_type=\"container\" data-e-type=\"container\">\n\t\t\t\t\t<div class=\"e-con-inner\">\n\t\t<div class=\"elementor-element elementor-element-eb663fc e-flex e-con-boxed e-con e-child\" data-id=\"eb663fc\" data-element_type=\"container\" data-e-type=\"container\">\n\t\t\t\t\t<div class=\"e-con-inner\">\n\t\t\t\t<div class=\"elementor-element elementor-element-2cc1f96 elementor-hidden-mobile elementor-invisible elementor-widget elementor-widget-image\" data-id=\"2cc1f96\" data-element_type=\"widget\" data-e-type=\"widget\" data-settings=\"{&quot;_animation&quot;:&quot;fadeInDown&quot;}\" data-widget_type=\"image.default\">\n\t\t\t\t\t\t\t\t\t\t\t\t\t\t\t<img decoding=\"async\" width=\"100\" height=\"100\" src=\"https:\/\/blackirongolf.es\/wp-content\/uploads\/2024\/02\/isotipo-big-100x100-1.png\" class=\"attachment-thumbnail size-thumbnail wp-image-10\" alt=\"\" \/>\t\t\t\t\t\t\t\t\t\t\t\t\t\t\t<\/div>\n\t\t\t\t<div class=\"elementor-element elementor-element-2e2405d elementor-headline--style-highlight elementor-widget elementor-widget-animated-headline\" data-id=\"2e2405d\" data-element_type=\"widget\" data-e-type=\"widget\" data-settings=\"{&quot;highlighted_text&quot;:&quot;ELIGE&quot;,&quot;headline_style&quot;:&quot;highlight&quot;,&quot;marker&quot;:&quot;circle&quot;,&quot;loop&quot;:&quot;yes&quot;,&quot;highlight_animation_duration&quot;:1200,&quot;highlight_iteration_delay&quot;:8000}\" data-widget_type=\"animated-headline.default\">\n\t\t\t\t\t\t\t<h3 class=\"elementor-headline\">\n\t\t\t\t<span class=\"elementor-headline-dynamic-wrapper elementor-headline-text-wrapper\">\n\t\t\t\t\t<span class=\"elementor-headline-dynamic-text elementor-headline-text-active\">ELIGE<\/span>\n\t\t\t\t<\/span>\n\t\t\t\t\t<span class=\"elementor-headline-plain-text elementor-headline-text-wrapper\">TU EXPERIENCIA<\/span>\n\t\t\t\t\t<\/h3>\n\t\t\t\t\t\t<\/div>\n\t\t\t\t<div class=\"elementor-element elementor-element-20bfba4 elementor-widget-divider--view-line elementor-widget elementor-widget-divider\" data-id=\"20bfba4\" data-element_type=\"widget\" data-e-type=\"widget\" data-widget_type=\"divider.default\">\n\t\t\t\t\t\t\t<div class=\"elementor-divider\">\n\t\t\t<span class=\"elementor-divider-separator\">\n\t\t\t\t\t\t<\/span>\n\t\t<\/div>\n\t\t\t\t\t\t<\/div>\n\t\t\t\t\t<\/div>\n\t\t\t\t<\/div>\n\t\t\t\t\t<\/div>\n\t\t\t\t<\/div>\n\t\t<div class=\"elementor-element elementor-element-d66f6e0 e-flex e-con-boxed e-con e-parent\" data-id=\"d66f6e0\" data-element_type=\"container\" data-e-type=\"container\">\n\t\t\t\t\t<div class=\"e-con-inner\">\n\t\t<div class=\"elementor-element elementor-element-79d59e8 e-con-full e-flex e-con e-child\" data-id=\"79d59e8\" data-element_type=\"container\" data-e-type=\"container\" data-settings=\"{&quot;background_background&quot;:&quot;classic&quot;}\">\n\t\t\t\t<div class=\"elementor-element elementor-element-c5e9d25 elementor-tablet-align-start elementor-icon-list--layout-traditional elementor-list-item-link-full_width elementor-widget elementor-widget-icon-list\" data-id=\"c5e9d25\" data-element_type=\"widget\" data-e-type=\"widget\" data-widget_type=\"icon-list.default\">\n\t\t\t\t\t\t\t<ul class=\"elementor-icon-list-items\">\n\t\t\t\t\t\t\t<li class=\"elementor-icon-list-item\">\n\t\t\t\t\t\t\t\t\t\t\t<a href=\"tel:%20+34667404945\" target=\"_blank\" rel=\"nofollow\">\n\n\t\t\t\t\t\t\t\t\t\t\t\t<span class=\"elementor-icon-list-icon\">\n\t\t\t\t\t\t\t<svg aria-hidden=\"true\" class=\"e-font-icon-svg e-fas-phone-alt\" viewBox=\"0 0 512 512\" xmlns=\"http:\/\/www.w3.org\/2000\/svg\"><path d=\"M497.39 361.8l-112-48a24 24 0 0 0-28 6.9l-49.6 60.6A370.66 370.66 0 0 1 130.6 204.11l60.6-49.6a23.94 23.94 0 0 0 6.9-28l-48-112A24.16 24.16 0 0 0 122.6.61l-104 24A24 24 0 0 0 0 48c0 256.5 207.9 464 464 464a24 24 0 0 0 23.4-18.6l24-104a24.29 24.29 0 0 0-14.01-27.6z\"><\/path><\/svg>\t\t\t\t\t\t<\/span>\n\t\t\t\t\t\t\t\t\t\t<span class=\"elementor-icon-list-text\">+34 667 404 945<\/span>\n\t\t\t\t\t\t\t\t\t\t\t<\/a>\n\t\t\t\t\t\t\t\t\t<\/li>\n\t\t\t\t\t\t\t\t<li class=\"elementor-icon-list-item\">\n\t\t\t\t\t\t\t\t\t\t\t<a href=\"mailto:&#37;&#50;0&#105;&#110;fo&#64;&#98;&#108;&#97;cki&#114;&#111;&#110;gol&#102;&#46;e&#115;\" target=\"_blank\" rel=\"nofollow\">\n\n\t\t\t\t\t\t\t\t\t\t\t\t<span class=\"elementor-icon-list-icon\">\n\t\t\t\t\t\t\t<svg aria-hidden=\"true\" class=\"e-font-icon-svg e-far-envelope\" viewBox=\"0 0 512 512\" xmlns=\"http:\/\/www.w3.org\/2000\/svg\"><path d=\"M464 64H48C21.49 64 0 85.49 0 112v288c0 26.51 21.49 48 48 48h416c26.51 0 48-21.49 48-48V112c0-26.51-21.49-48-48-48zm0 48v40.805c-22.422 18.259-58.168 46.651-134.587 106.49-16.841 13.247-50.201 45.072-73.413 44.701-23.208.375-56.579-31.459-73.413-44.701C106.18 199.465 70.425 171.067 48 152.805V112h416zM48 400V214.398c22.914 18.251 55.409 43.862 104.938 82.646 21.857 17.205 60.134 55.186 103.062 54.955 42.717.231 80.509-37.199 103.053-54.947 49.528-38.783 82.032-64.401 104.947-82.653V400H48z\"><\/path><\/svg>\t\t\t\t\t\t<\/span>\n\t\t\t\t\t\t\t\t\t\t<span class=\"elementor-icon-list-text\">i&#110;&#102;o&#64;&#98;l&#97;ck&#105;ro&#110;&#103;ol&#102;.&#101;s<\/span>\n\t\t\t\t\t\t\t\t\t\t\t<\/a>\n\t\t\t\t\t\t\t\t\t<\/li>\n\t\t\t\t\t\t\t\t<li class=\"elementor-icon-list-item\">\n\t\t\t\t\t\t\t\t\t\t\t<a href=\"https:\/\/maps.app.goo.gl\/ySXVdtNS3Mcxfzu26\" target=\"_blank\" rel=\"nofollow\">\n\n\t\t\t\t\t\t\t\t\t\t\t\t<span class=\"elementor-icon-list-icon\">\n\t\t\t\t\t\t\t<svg aria-hidden=\"true\" class=\"e-font-icon-svg e-fas-map-marker-alt\" viewBox=\"0 0 384 512\" xmlns=\"http:\/\/www.w3.org\/2000\/svg\"><path d=\"M172.268 501.67C26.97 291.031 0 269.413 0 192 0 85.961 85.961 0 192 0s192 85.961 192 192c0 77.413-26.97 99.031-172.268 309.67-9.535 13.774-29.93 13.773-39.464 0zM192 272c44.183 0 80-35.817 80-80s-35.817-80-80-80-80 35.817-80 80 35.817 80 80 80z\"><\/path><\/svg>\t\t\t\t\t\t<\/span>\n\t\t\t\t\t\t\t\t\t\t<span class=\"elementor-icon-list-text\">SEDE PARADOR: Parador de M\u00e1laga Golf. Autov\u00eda MA-20 (M\u00e1laga \u2013 Algeciras Salida, 29004 Co\u00edn)<\/span>\n\t\t\t\t\t\t\t\t\t\t\t<\/a>\n\t\t\t\t\t\t\t\t\t<\/li>\n\t\t\t\t\t\t\t\t<li class=\"elementor-icon-list-item\">\n\t\t\t\t\t\t\t\t\t\t\t<a href=\"https:\/\/maps.app.goo.gl\/Tn9Doi3ZB7kgbczV7\" target=\"_blank\" rel=\"nofollow\">\n\n\t\t\t\t\t\t\t\t\t\t\t\t<span class=\"elementor-icon-list-icon\">\n\t\t\t\t\t\t\t<svg aria-hidden=\"true\" class=\"e-font-icon-svg e-fas-map-marker-alt\" viewBox=\"0 0 384 512\" xmlns=\"http:\/\/www.w3.org\/2000\/svg\"><path d=\"M172.268 501.67C26.97 291.031 0 269.413 0 192 0 85.961 85.961 0 192 0s192 85.961 192 192c0 77.413-26.97 99.031-172.268 309.67-9.535 13.774-29.93 13.773-39.464 0zM192 272c44.183 0 80-35.817 80-80s-35.817-80-80-80-80 35.817-80 80 35.817 80 80 80z\"><\/path><\/svg>\t\t\t\t\t\t<\/span>\n\t\t\t\t\t\t\t\t\t\t<span class=\"elementor-icon-list-text\">SEDE CHAPARRAL: Club de Golf Chaparral, N-340 KM 203 \/<\/span>\n\t\t\t\t\t\t\t\t\t\t\t<\/a>\n\t\t\t\t\t\t\t\t\t<\/li>\n\t\t\t\t\t\t<\/ul>\n\t\t\t\t\t\t<\/div>\n\t\t\t\t<\/div>\n\t\t<div class=\"elementor-element elementor-element-d45ef86 e-con-full e-flex e-con e-child\" data-id=\"d45ef86\" data-element_type=\"container\" data-e-type=\"container\">\n\t\t\t\t<div class=\"elementor-element elementor-element-f93d944 elementor-button-align-stretch elementor-widget elementor-widget-form\" data-id=\"f93d944\" data-element_type=\"widget\" data-e-type=\"widget\" data-settings=\"{&quot;step_next_label&quot;:&quot;Siguiente&quot;,&quot;step_previous_label&quot;:&quot;Anterior&quot;,&quot;button_width&quot;:&quot;100&quot;,&quot;step_type&quot;:&quot;number_text&quot;,&quot;step_icon_shape&quot;:&quot;circle&quot;}\" data-widget_type=\"form.default\">\n\t\t\t\t\t\t\t<form class=\"elementor-form\" method=\"post\" name=\"Nuevo formulario\" aria-label=\"Nuevo formulario\">\n\t\t\t<input type=\"hidden\" name=\"post_id\" value=\"439\"\/>\n\t\t\t<input type=\"hidden\" name=\"form_id\" value=\"f93d944\"\/>\n\t\t\t<input type=\"hidden\" name=\"referer_title\" value=\"Contacto - Black Iron Golf\" \/>\n\n\t\t\t\t\t\t\t<input type=\"hidden\" name=\"queried_id\" value=\"439\"\/>\n\t\t\t\n\t\t\t<div class=\"elementor-form-fields-wrapper elementor-labels-\">\n\t\t\t\t\t\t\t\t<div class=\"elementor-field-type-text elementor-field-group elementor-column elementor-field-group-name elementor-col-100\">\n\t\t\t\t\t\t\t\t\t\t\t\t\t<input size=\"1\" type=\"text\" name=\"form_fields[name]\" id=\"form-field-name\" class=\"elementor-field elementor-size-lg  elementor-field-textual\" placeholder=\"Tu nombre completo...\">\n\t\t\t\t\t\t\t\t\t\t\t<\/div>\n\t\t\t\t\t\t\t\t<div class=\"elementor-field-type-email elementor-field-group elementor-column elementor-field-group-email elementor-col-100 elementor-field-required\">\n\t\t\t\t\t\t\t\t\t\t\t\t\t<input size=\"1\" type=\"email\" name=\"form_fields[email]\" id=\"form-field-email\" class=\"elementor-field elementor-size-lg  elementor-field-textual\" placeholder=\"Correo electr\u00f3nico...\" required=\"required\">\n\t\t\t\t\t\t\t\t\t\t\t<\/div>\n\t\t\t\t\t\t\t\t<div class=\"elementor-field-type-tel elementor-field-group elementor-column elementor-field-group-field_3a4acdb elementor-col-100 elementor-field-required\">\n\t\t\t\t\t<span class=\"ccfef-editor-intl-input\" data-id=\"form-field-field_3a4acdb\" data-field-id=\"3a4acdb\" data-default-country=\"es\" data-include-countries=\"\" data-exclude-countries=\"\" data-dial-code-visibility=\"show\" data-strict-mode=\"no\" style=\"display: none;\"><\/span>\t\t<input size=\"1\" type=\"tel\" name=\"form_fields[field_3a4acdb]\" id=\"form-field-field_3a4acdb\" class=\"elementor-field elementor-size-lg  elementor-field-textual\" placeholder=\"Tel\u00e9fono...\" required=\"required\" pattern=\"[0-9()#&amp;+*-=.]+\" title=\"Solo se aceptan n\u00fameros y caracteres de tel\u00e9fono (#,-,*,etc).\">\n\n\t\t\t\t\t\t<\/div>\n\t\t\t\t\t\t\t\t<div class=\"elementor-field-type-textarea elementor-field-group elementor-column elementor-field-group-message elementor-col-100\">\n\t\t\t\t\t<textarea class=\"elementor-field-textual elementor-field  elementor-size-lg\" name=\"form_fields[message]\" id=\"form-field-message\" rows=\"4\" placeholder=\"Escribe algo...\"><\/textarea>\t\t\t\t<\/div>\n\t\t\t\t\t\t\t\t<div class=\"elementor-field-type-acceptance elementor-field-group elementor-column elementor-field-group-field_11b86f8 elementor-col-100 elementor-field-required\">\n\t\t\t\t\t\t\t<div class=\"elementor-field-subgroup\">\n\t\t\t<span class=\"elementor-field-option\">\n\t\t\t\t<input type=\"checkbox\" name=\"form_fields[field_11b86f8]\" id=\"form-field-field_11b86f8\" class=\"elementor-field elementor-size-lg  elementor-acceptance-field\" required=\"required\">\n\t\t\t\t<label for=\"form-field-field_11b86f8\">Antes de firmar\/enviar tu solicitud, lee y acepta nuestra informaci\u00f3n b\u00e1sica sobre protecci\u00f3n de datos contenida en nuestra <a href=\"\/politica-de-privacidad\">pol\u00edtica de uso de datos<\/a> <\/label>\t\t\t<\/span>\n\t\t<\/div>\n\t\t\t\t\t\t<\/div>\n\t\t\t\t\t\t\t\t<div class=\"elementor-field-type-acceptance elementor-field-group elementor-column elementor-field-group-field_45d07ed elementor-col-100\">\n\t\t\t\t\t\t\t<div class=\"elementor-field-subgroup\">\n\t\t\t<span class=\"elementor-field-option\">\n\t\t\t\t<input type=\"checkbox\" name=\"form_fields[field_45d07ed]\" id=\"form-field-field_45d07ed\" class=\"elementor-field elementor-size-lg  elementor-acceptance-field\">\n\t\t\t\t<label for=\"form-field-field_45d07ed\">Acepto recibir newsletter<\/label>\t\t\t<\/span>\n\t\t<\/div>\n\t\t\t\t\t\t<\/div>\n\t\t\t\t\t\t\t\t<div class=\"elementor-field-type-recaptcha_v3 elementor-field-group elementor-column elementor-field-group-field_69a6930 elementor-col-100 recaptcha_v3-bottomright\">\n\t\t\t\t\t<div class=\"elementor-field\" id=\"form-field-field_69a6930\"><div class=\"elementor-g-recaptcha\" data-sitekey=\"6LewEbgpAAAAAG-ePGQsv-dhjql9yeDKnkiJlMRQ\" data-type=\"v3\" data-action=\"Form\" data-badge=\"bottomright\" data-size=\"invisible\"><\/div><\/div>\t\t\t\t<\/div>\n\t\t\t\t\t\t\t\t<div class=\"elementor-field-group elementor-column elementor-field-type-submit elementor-col-100 e-form__buttons\">\n\t\t\t\t\t<button class=\"elementor-button elementor-size-lg\" type=\"submit\">\n\t\t\t\t\t\t<span class=\"elementor-button-content-wrapper\">\n\t\t\t\t\t\t\t\t\t\t\t\t\t\t\t\t\t\t\t\t\t\t<span class=\"elementor-button-text\">Enviar mensaje<\/span>\n\t\t\t\t\t\t\t\t\t\t\t\t\t<\/span>\n\t\t\t\t\t<\/button>\n\t\t\t\t<\/div>\n\t\t\t<\/div>\n\t\t<\/form>\n\t\t\t\t\t\t<\/div>\n\t\t\t\t<div class=\"elementor-element elementor-element-cdbf31d elementor-widget elementor-widget-text-editor\" data-id=\"cdbf31d\" data-element_type=\"widget\" data-e-type=\"widget\" data-settings=\"{&quot;_animation&quot;:&quot;none&quot;}\" data-widget_type=\"text-editor.default\">\n\t\t\t\t\t\t\t\t\t<div class=\"wpb_text_column wpb_content_element \"><div class=\"wpb_wrapper\"><p><span>Antes de dejarnos los datos para poder contactar contigo queremos saber que cumplimos con el RGPD. El responsable del tratamiento de datos es Black Iron Sports y los recogemos con la finalidad de atender tu consulta, poder contactar contigo por correo electr\u00f3nico o tel\u00e9fono, gestionar el registro de tu suscripci\u00f3n y enviarte peri\u00f3dicamente novedades, consejos de golf y promociones que puedan ser interesante para ti. Siempre que nos des tu consentimiento guardaremos los datos en MailChimp nuestro proveedor de correo electr\u00f3nico y hosting que tambi\u00e9n cumple con el RGPD\u00a0<\/span><a href=\"https:\/\/mailchimp.com\/legal\/privacy\/\"><span>m\u00e1s informaci\u00f3n<\/span><\/a><span>\u00a0. Y por supuesto tendr\u00e1s derecho, entre otros, a acceder, rectificar, limitar y suprimir tus datos envi\u00e1ndonos un correo electr\u00f3nico a\u00a0<\/span><a href=\"mailto:&#73;n&#102;o&#64;&#98;lacki&#114;&#111;&#110;&#103;ol&#102;.&#101;s\"><span>Info&#64;blac&#107;&#105;&#114;&#111;n&#103;o&#108;f.es.<\/span><\/a><\/p><\/div><\/div>\t\t\t\t\t\t\t\t<\/div>\n\t\t\t\t<\/div>\n\t\t\t\t\t<\/div>\n\t\t\t\t<\/div>\n\t\t\t\t<\/div>\n\t\t","protected":false},"excerpt":{"rendered":"<p>ELIGE TU EXPERIENCIA +34 667 404 945 &#105;n&#102;&#111;&#64;bla&#99;ki&#114;&#111;ng&#111;l&#102;&#46;&#101;&#115; SEDE PARADOR: Parador de M\u00e1laga Golf. Autov\u00eda MA-20 (M\u00e1laga \u2013 Algeciras Salida, 29004 Co\u00edn) SEDE CHAPARRAL: Club de Golf Chaparral, N-340 KM 203 \/ Antes de dejarnos los datos para poder contactar contigo queremos saber que cumplimos con el RGPD. El responsable del tratamiento de datos es [&hellip;]<\/p>\n","protected":false},"author":1,"featured_media":0,"parent":0,"menu_order":0,"comment_status":"closed","ping_status":"closed","template":"elementor_header_footer","meta":{"footnotes":""},"class_list":["post-439","page","type-page","status-publish","hentry"],"yoast_head":"<!-- This site is optimized with the Yoast SEO plugin v27.6 - https:\/\/yoast.com\/product\/yoast-seo-wordpress\/ -->\n<title>Contacto - Black Iron Golf<\/title>\n<meta name=\"robots\" content=\"index, follow, max-snippet:-1, max-image-preview:large, max-video-preview:-1\" \/>\n<link rel=\"canonical\" href=\"https:\/\/blackirongolf.es\/es\/contacto\/\" \/>\n<meta property=\"og:locale\" content=\"es_ES\" \/>\n<meta property=\"og:type\" content=\"article\" \/>\n<meta property=\"og:title\" content=\"Contacto - Black Iron Golf\" \/>\n<meta property=\"og:description\" content=\"ELIGE TU EXPERIENCIA +34 667 404 945 &#105;&#110;f&#111;&#064;bla&#099;kir&#111;&#110;&#103;&#111;lf.&#101;s SEDE PARADOR: Parador de M\u00e1laga Golf. Autov\u00eda MA-20 (M\u00e1laga \u2013 Algeciras Salida, 29004 Co\u00edn) SEDE CHAPARRAL: Club de Golf Chaparral, N-340 KM 203 \/ Antes de dejarnos los datos para poder contactar contigo queremos saber que cumplimos con el RGPD. El responsable del tratamiento de datos es [&hellip;]\" \/>\n<meta property=\"og:url\" content=\"https:\/\/blackirongolf.es\/es\/contacto\/\" \/>\n<meta property=\"og:site_name\" content=\"Black Iron Golf\" \/>\n<meta property=\"article:modified_time\" content=\"2026-02-25T09:32:08+00:00\" \/>\n<meta property=\"og:image\" content=\"https:\/\/blackirongolf.es\/wp-content\/uploads\/2024\/02\/isotipo-big-100x100-1.png\" \/>\n\t<meta property=\"og:image:width\" content=\"100\" \/>\n\t<meta property=\"og:image:height\" content=\"100\" \/>\n\t<meta property=\"og:image:type\" content=\"image\/png\" \/>\n<meta name=\"twitter:card\" content=\"summary_large_image\" \/>\n<meta name=\"twitter:label1\" content=\"Tiempo de lectura\" \/>\n\t<meta name=\"twitter:data1\" content=\"4 minutos\" \/>\n<script type=\"application\/ld+json\" class=\"yoast-schema-graph\">{\"@context\":\"https:\\\/\\\/schema.org\",\"@graph\":[{\"@type\":\"WebPage\",\"@id\":\"https:\\\/\\\/blackirongolf.es\\\/es\\\/contacto\\\/\",\"url\":\"https:\\\/\\\/blackirongolf.es\\\/es\\\/contacto\\\/\",\"name\":\"Contacto - Black Iron Golf\",\"isPartOf\":{\"@id\":\"https:\\\/\\\/blackirongolf.es\\\/#website\"},\"primaryImageOfPage\":{\"@id\":\"https:\\\/\\\/blackirongolf.es\\\/es\\\/contacto\\\/#primaryimage\"},\"image\":{\"@id\":\"https:\\\/\\\/blackirongolf.es\\\/es\\\/contacto\\\/#primaryimage\"},\"thumbnailUrl\":\"https:\\\/\\\/blackirongolf.es\\\/wp-content\\\/uploads\\\/2024\\\/02\\\/isotipo-big-100x100-1.png\",\"datePublished\":\"2024-02-19T09:07:47+00:00\",\"dateModified\":\"2026-02-25T09:32:08+00:00\",\"breadcrumb\":{\"@id\":\"https:\\\/\\\/blackirongolf.es\\\/es\\\/contacto\\\/#breadcrumb\"},\"inLanguage\":\"es\",\"potentialAction\":[{\"@type\":\"ReadAction\",\"target\":[\"https:\\\/\\\/blackirongolf.es\\\/es\\\/contacto\\\/\"]}]},{\"@type\":\"ImageObject\",\"inLanguage\":\"es\",\"@id\":\"https:\\\/\\\/blackirongolf.es\\\/es\\\/contacto\\\/#primaryimage\",\"url\":\"https:\\\/\\\/blackirongolf.es\\\/wp-content\\\/uploads\\\/2024\\\/02\\\/isotipo-big-100x100-1.png\",\"contentUrl\":\"https:\\\/\\\/blackirongolf.es\\\/wp-content\\\/uploads\\\/2024\\\/02\\\/isotipo-big-100x100-1.png\"},{\"@type\":\"BreadcrumbList\",\"@id\":\"https:\\\/\\\/blackirongolf.es\\\/es\\\/contacto\\\/#breadcrumb\",\"itemListElement\":[{\"@type\":\"ListItem\",\"position\":1,\"name\":\"Portada\",\"item\":\"https:\\\/\\\/blackirongolf.es\\\/\"},{\"@type\":\"ListItem\",\"position\":2,\"name\":\"Contacto\"}]},{\"@type\":\"WebSite\",\"@id\":\"https:\\\/\\\/blackirongolf.es\\\/#website\",\"url\":\"https:\\\/\\\/blackirongolf.es\\\/\",\"name\":\"Black Iron Golf\",\"description\":\"\",\"publisher\":{\"@id\":\"https:\\\/\\\/blackirongolf.es\\\/#organization\"},\"potentialAction\":[{\"@type\":\"SearchAction\",\"target\":{\"@type\":\"EntryPoint\",\"urlTemplate\":\"https:\\\/\\\/blackirongolf.es\\\/?s={search_term_string}\"},\"query-input\":{\"@type\":\"PropertyValueSpecification\",\"valueRequired\":true,\"valueName\":\"search_term_string\"}}],\"inLanguage\":\"es\"},{\"@type\":\"Organization\",\"@id\":\"https:\\\/\\\/blackirongolf.es\\\/#organization\",\"name\":\"Black Iron Golf\",\"url\":\"https:\\\/\\\/blackirongolf.es\\\/\",\"logo\":{\"@type\":\"ImageObject\",\"inLanguage\":\"es\",\"@id\":\"https:\\\/\\\/blackirongolf.es\\\/#\\\/schema\\\/logo\\\/image\\\/\",\"url\":\"https:\\\/\\\/blackirongolf.es\\\/wp-content\\\/uploads\\\/2024\\\/02\\\/cropped-logo_blackiron_white_edited.png\",\"contentUrl\":\"https:\\\/\\\/blackirongolf.es\\\/wp-content\\\/uploads\\\/2024\\\/02\\\/cropped-logo_blackiron_white_edited.png\",\"width\":964,\"height\":534,\"caption\":\"Black Iron Golf\"},\"image\":{\"@id\":\"https:\\\/\\\/blackirongolf.es\\\/#\\\/schema\\\/logo\\\/image\\\/\"}}]}<\/script>\n<!-- \/ Yoast SEO plugin. -->","yoast_head_json":{"title":"Contacto - Black Iron Golf","robots":{"index":"index","follow":"follow","max-snippet":"max-snippet:-1","max-image-preview":"max-image-preview:large","max-video-preview":"max-video-preview:-1"},"canonical":"https:\/\/blackirongolf.es\/es\/contacto\/","og_locale":"es_ES","og_type":"article","og_title":"Contacto - Black Iron Golf","og_description":"ELIGE TU EXPERIENCIA +34 667 404 945 &#105;&#110;f&#111;&#64;bla&#99;kir&#111;&#110;&#103;&#111;lf.&#101;s SEDE PARADOR: Parador de M\u00e1laga Golf. Autov\u00eda MA-20 (M\u00e1laga \u2013 Algeciras Salida, 29004 Co\u00edn) SEDE CHAPARRAL: Club de Golf Chaparral, N-340 KM 203 \/ Antes de dejarnos los datos para poder contactar contigo queremos saber que cumplimos con el RGPD. El responsable del tratamiento de datos es [&hellip;]","og_url":"https:\/\/blackirongolf.es\/es\/contacto\/","og_site_name":"Black Iron Golf","article_modified_time":"2026-02-25T09:32:08+00:00","og_image":[{"width":100,"height":100,"url":"https:\/\/blackirongolf.es\/wp-content\/uploads\/2024\/02\/isotipo-big-100x100-1.png","type":"image\/png"}],"twitter_card":"summary_large_image","twitter_misc":{"Tiempo de lectura":"4 minutos"},"schema":{"@context":"https:\/\/schema.org","@graph":[{"@type":"WebPage","@id":"https:\/\/blackirongolf.es\/es\/contacto\/","url":"https:\/\/blackirongolf.es\/es\/contacto\/","name":"Contacto - Black Iron Golf","isPartOf":{"@id":"https:\/\/blackirongolf.es\/#website"},"primaryImageOfPage":{"@id":"https:\/\/blackirongolf.es\/es\/contacto\/#primaryimage"},"image":{"@id":"https:\/\/blackirongolf.es\/es\/contacto\/#primaryimage"},"thumbnailUrl":"https:\/\/blackirongolf.es\/wp-content\/uploads\/2024\/02\/isotipo-big-100x100-1.png","datePublished":"2024-02-19T09:07:47+00:00","dateModified":"2026-02-25T09:32:08+00:00","breadcrumb":{"@id":"https:\/\/blackirongolf.es\/es\/contacto\/#breadcrumb"},"inLanguage":"es","potentialAction":[{"@type":"ReadAction","target":["https:\/\/blackirongolf.es\/es\/contacto\/"]}]},{"@type":"ImageObject","inLanguage":"es","@id":"https:\/\/blackirongolf.es\/es\/contacto\/#primaryimage","url":"https:\/\/blackirongolf.es\/wp-content\/uploads\/2024\/02\/isotipo-big-100x100-1.png","contentUrl":"https:\/\/blackirongolf.es\/wp-content\/uploads\/2024\/02\/isotipo-big-100x100-1.png"},{"@type":"BreadcrumbList","@id":"https:\/\/blackirongolf.es\/es\/contacto\/#breadcrumb","itemListElement":[{"@type":"ListItem","position":1,"name":"Portada","item":"https:\/\/blackirongolf.es\/"},{"@type":"ListItem","position":2,"name":"Contacto"}]},{"@type":"WebSite","@id":"https:\/\/blackirongolf.es\/#website","url":"https:\/\/blackirongolf.es\/","name":"Black Iron Golf","description":"","publisher":{"@id":"https:\/\/blackirongolf.es\/#organization"},"potentialAction":[{"@type":"SearchAction","target":{"@type":"EntryPoint","urlTemplate":"https:\/\/blackirongolf.es\/?s={search_term_string}"},"query-input":{"@type":"PropertyValueSpecification","valueRequired":true,"valueName":"search_term_string"}}],"inLanguage":"es"},{"@type":"Organization","@id":"https:\/\/blackirongolf.es\/#organization","name":"Black Iron Golf","url":"https:\/\/blackirongolf.es\/","logo":{"@type":"ImageObject","inLanguage":"es","@id":"https:\/\/blackirongolf.es\/#\/schema\/logo\/image\/","url":"https:\/\/blackirongolf.es\/wp-content\/uploads\/2024\/02\/cropped-logo_blackiron_white_edited.png","contentUrl":"https:\/\/blackirongolf.es\/wp-content\/uploads\/2024\/02\/cropped-logo_blackiron_white_edited.png","width":964,"height":534,"caption":"Black Iron Golf"},"image":{"@id":"https:\/\/blackirongolf.es\/#\/schema\/logo\/image\/"}}]}},"_links":{"self":[{"href":"https:\/\/blackirongolf.es\/es\/wp-json\/wp\/v2\/pages\/439","targetHints":{"allow":["GET"]}}],"collection":[{"href":"https:\/\/blackirongolf.es\/es\/wp-json\/wp\/v2\/pages"}],"about":[{"href":"https:\/\/blackirongolf.es\/es\/wp-json\/wp\/v2\/types\/page"}],"author":[{"embeddable":true,"href":"https:\/\/blackirongolf.es\/es\/wp-json\/wp\/v2\/users\/1"}],"replies":[{"embeddable":true,"href":"https:\/\/blackirongolf.es\/es\/wp-json\/wp\/v2\/comments?post=439"}],"version-history":[{"count":52,"href":"https:\/\/blackirongolf.es\/es\/wp-json\/wp\/v2\/pages\/439\/revisions"}],"predecessor-version":[{"id":6461,"href":"https:\/\/blackirongolf.es\/es\/wp-json\/wp\/v2\/pages\/439\/revisions\/6461"}],"wp:attachment":[{"href":"https:\/\/blackirongolf.es\/es\/wp-json\/wp\/v2\/media?parent=439"}],"curies":[{"name":"wp","href":"https:\/\/api.w.org\/{rel}","templated":true}]}}